{"id":2168,"date":"2024-05-18T23:18:58","date_gmt":"2024-05-18T23:18:58","guid":{"rendered":"https:\/\/qualitysoundcables.com\/?post_type=product&#038;p=2168"},"modified":"2025-09-20T04:06:57","modified_gmt":"2025-09-20T04:06:57","slug":"cable-master-rca","status":"publish","type":"product","link":"https:\/\/qualitysoundcables.com\/en\/product\/cable-master-rca\/","title":{"rendered":"RCA Interconexi\u00f3n Master"},"content":{"rendered":"<p><span style=\"font-weight: 400;\">In Master Series, the interconnecting cables are constructed with a single UPOCC copper wire in each conductor. The wires are stranded with cotton fibres and sealed against corrosion. This construction minimises static build-up and protects against vibration.<\/span><\/p>\n<p><span style=\"font-weight: 400;\">The cable is electrically shielded against noise.<\/span><\/p>\n<p><span style=\"font-weight: 400;\">We have chosen gold-plated XLR and RCA connectors from Furutech for these cables. The thickness of the cable and the connectors combine to achieve a perfect balance.<\/span><\/p>\n<p><span style=\"font-weight: 400;\">The most outstanding feature of the Master Series is the super musical and homogeneous sound reproduction.<\/span><\/p>\n<p><span style=\"font-weight: 400;\">This series of cables can be used in any system in a very pleasant way.<\/span><\/p>","protected":false},"excerpt":{"rendered":"<p>En Master Series, los cables de interconexi\u00f3n est\u00e1n construidos con un solo cable de cobre UPOCC en cada conductor. Los cables est\u00e1n trenzados con fibras de algod\u00f3n y sellados contra la corrosi\u00f3n. Esta construcci\u00f3n minimiza la acumulaci\u00f3n de electricidad est\u00e1tica y protege contra vibraciones. El cable est\u00e1 blindado el\u00e9ctricamente contra el ruido. Hemos elegido conectores &hellip;<\/p>\n<p class=\"read-more\"> <a class=\"\" href=\"https:\/\/qualitysoundcables.com\/en\/product\/cable-master-rca\/\"> <span class=\"screen-reader-text\">RCA Interconexi\u00f3n Master<\/span> Read More &raquo;<\/a><\/p>","protected":false},"featured_media":2169,"comment_status":"open","ping_status":"closed","template":"","meta":{"_uag_custom_page_level_css":"","site-sidebar-layout":"default","site-content-layout":"default","ast-global-header-display":"","ast-main-header-display":"","ast-hfb-above-header-display":"","ast-hfb-below-header-display":"","ast-hfb-mobile-header-display":"","site-post-title":"","ast-breadcrumbs-content":"","ast-featured-img":"","footer-sml-layout":"","theme-transparent-header-meta":"default","adv-header-id-meta":"","stick-header-meta":"","header-above-stick-meta":"","header-main-stick-meta":"","header-below-stick-meta":""},"product_cat":[80,75],"product_tag":[36,77,38,34,76],"uagb_featured_image_src":{"full":["https:\/\/qualitysoundcables.com\/wp-content\/uploads\/2024\/05\/QSC-Master-RCA-1.webp",900,600,false],"thumbnail":["https:\/\/qualitysoundcables.com\/wp-content\/uploads\/2024\/05\/QSC-Master-RCA-1-150x150.webp",150,150,true],"medium":["https:\/\/qualitysoundcables.com\/wp-content\/uploads\/2024\/05\/QSC-Master-RCA-1-300x200.webp",300,200,true],"medium_large":["https:\/\/qualitysoundcables.com\/wp-content\/uploads\/2024\/05\/QSC-Master-RCA-1-768x512.webp",768,512,true],"large":["https:\/\/qualitysoundcables.com\/wp-content\/uploads\/2024\/05\/QSC-Master-RCA-1.webp",900,600,false],"1536x1536":["https:\/\/qualitysoundcables.com\/wp-content\/uploads\/2024\/05\/QSC-Master-RCA-1.webp",900,600,false],"2048x2048":["https:\/\/qualitysoundcables.com\/wp-content\/uploads\/2024\/05\/QSC-Master-RCA-1.webp",900,600,false],"trp-custom-language-flag":["https:\/\/qualitysoundcables.com\/wp-content\/uploads\/2024\/05\/QSC-Master-RCA-1.webp",18,12,false],"mailpoet_newsletter_max":["https:\/\/qualitysoundcables.com\/wp-content\/uploads\/2024\/05\/QSC-Master-RCA-1.webp",900,600,false],"woocommerce_thumbnail":["https:\/\/qualitysoundcables.com\/wp-content\/uploads\/2024\/05\/QSC-Master-RCA-1-300x300.webp",300,300,true],"woocommerce_single":["https:\/\/qualitysoundcables.com\/wp-content\/uploads\/2024\/05\/QSC-Master-RCA-1-600x400.webp",600,400,true],"woocommerce_gallery_thumbnail":["https:\/\/qualitysoundcables.com\/wp-content\/uploads\/2024\/05\/QSC-Master-RCA-1-100x100.webp",100,100,true],"variation_swatches_image_size":["https:\/\/qualitysoundcables.com\/wp-content\/uploads\/2024\/05\/QSC-Master-RCA-1-50x50.webp",50,50,true],"variation_swatches_tooltip_size":["https:\/\/qualitysoundcables.com\/wp-content\/uploads\/2024\/05\/QSC-Master-RCA-1-100x100.webp",100,100,true]},"uagb_author_info":{"display_name":"rubenmartinc@hotmail.com","author_link":"https:\/\/qualitysoundcables.com\/en\/author\/"},"uagb_comment_info":17,"uagb_excerpt":"En Master Series, los cables de interconexi\u00f3n est\u00e1n construidos con un solo cable de cobre UPOCC en cada conductor. Los cables est\u00e1n trenzados con fibras de algod\u00f3n y sellados contra la corrosi\u00f3n. Esta construcci\u00f3n minimiza la acumulaci\u00f3n de electricidad est\u00e1tica y protege contra vibraciones. El cable est\u00e1 blindado el\u00e9ctricamente contra el ruido. Hemos elegido conectores&hellip;","_links":{"self":[{"href":"https:\/\/qualitysoundcables.com\/en\/wp-json\/wp\/v2\/product\/2168"}],"collection":[{"href":"https:\/\/qualitysoundcables.com\/en\/wp-json\/wp\/v2\/product"}],"about":[{"href":"https:\/\/qualitysoundcables.com\/en\/wp-json\/wp\/v2\/types\/product"}],"replies":[{"embeddable":true,"href":"https:\/\/qualitysoundcables.com\/en\/wp-json\/wp\/v2\/comments?post=2168"}],"wp:featuredmedia":[{"embeddable":true,"href":"https:\/\/qualitysoundcables.com\/en\/wp-json\/wp\/v2\/media\/2169"}],"wp:attachment":[{"href":"https:\/\/qualitysoundcables.com\/en\/wp-json\/wp\/v2\/media?parent=2168"}],"wp:term":[{"taxonomy":"product_cat","embeddable":true,"href":"https:\/\/qualitysoundcables.com\/en\/wp-json\/wp\/v2\/product_cat?post=2168"},{"taxonomy":"product_tag","embeddable":true,"href":"https:\/\/qualitysoundcables.com\/en\/wp-json\/wp\/v2\/product_tag?post=2168"}],"curies":[{"name":"wp","href":"https:\/\/api.w.org\/{rel}","templated":true}]}}