{"id":717,"date":"2023-01-03T12:26:57","date_gmt":"2023-01-03T12:26:57","guid":{"rendered":"https:\/\/qualitysoundcables.com\/?page_id=717"},"modified":"2023-01-12T15:32:26","modified_gmt":"2023-01-12T15:32:26","slug":"identificacion-y-titularidad","status":"publish","type":"page","link":"https:\/\/qualitysoundcables.com\/en\/identificacion-y-titularidad\/","title":{"rendered":"Legal Notice"},"content":{"rendered":"<h2 class=\"wp-block-heading\">Identification and Ownership<\/h2>\n\n\n\n<p>In compliance with article 10 of Law 34\/2002, of 11 July, on Information Society Services and Electronic Commerce, the Holder sets out its identification data:<\/p>\n\n\n\n<ul>\n<li><strong>Owner:<\/strong>&nbsp; AUDIO PERFORMANCE CONSULTING, SL<\/li>\n\n\n\n<li><strong>Central Offices:<\/strong>\u00a0 Avenida Josep Tarradellas, 106, 5-3, 08029, Barcelona, Espa\u00f1a.<\/li>\n\n\n\n<li><strong>Sitio Web:<\/strong>&nbsp;&nbsp;<a href=\"https:\/\/qualitysoundcables.com\/en\/\">https:\/\/qualitysoundcables.com<\/a><\/li>\n<\/ul>\n\n\n\n<p><\/p>\n\n\n\n<h2 class=\"wp-block-heading\">Conditions of Use<\/h2>\n\n\n\n<p>The use of the Website grants you the status of User, and implies full acceptance of all the clauses and conditions of use included in the pages:<\/p>\n\n\n\n<ul>\n<li><a href=\"https:\/\/qualitysoundcables.com\/index.php\/aviso-legal\/\">Legal Notice<\/a><\/li>\n\n\n\n<li><a href=\"https:\/\/qualitysoundcables.com\/index.php\/politica-de-privacidad\/\">Privacy Policy<\/a><\/li>\n\n\n\n<li><a href=\"https:\/\/qualitysoundcables.com\/index.php\/politica-de-cookies\/\">Cookie Policy<\/a><\/li>\n<\/ul>\n\n\n\n<p>If you do not agree with each and every one of these terms and conditions, please do not use the Website.<\/p>\n\n\n\n<p>Access to the Website does not in any way imply the commencement of a commercial relationship with the Owner.<\/p>\n\n\n\n<p>Through the Website, the Proprietor provides you with access to and use of various content that the Proprietor and\/or its collaborators have published on the Internet.<\/p>\n\n\n\n<p>To this effect, you are obliged and committed NOT to use any of the contents of the Website for illicit purposes or effects, prohibited in this Legal Notice or by current legislation, harmful to the rights and interests of third parties, or that in any way may damage, disable, overload, deteriorate or impede the normal use of the contents, computer equipment or documents, files and all types of content stored on any computer equipment owned or contracted by the Owner, other users or any Internet user.<\/p>\n\n\n\n<h2 class=\"wp-block-heading\">Security measures<\/h2>\n\n\n\n<p>The personal data provided to the Holder may be stored in automated or non-automated databases, whose ownership corresponds exclusively to the Holder, who assumes all the technical, organisational and security measures that guarantee the confidentiality, integrity and quality of the information contained therein in accordance with the provisions of current legislation on data protection.<\/p>\n\n\n\n<p>No obstante, debe ser consciente de que las medidas de seguridad de los sistemas inform\u00e1ticos en Internet no son enteramente fiables y que, por tanto el Titular no puede garantizar la inexistencia de virus u otros elementos que puedan producir alteraciones en los sistemas inform\u00e1ticos (software y hardware) del Usuario o en sus documentos electr\u00f3nicos y ficheros contenidos en los mismos aunque el Titular pone todos los medios necesarios y toma las medidas de seguridad oportunas para evitar la presencia de estos elementos da\u00f1inos.<\/p>\n\n\n\n<h2 class=\"wp-block-heading\">Processing of Personal Data<\/h2>\n\n\n\n<p>You can consult all the information relating to the processing of personal data collected by the Data Controller on the page of&nbsp;<a href=\"https:\/\/qualitysoundcables.com\/index.php\/politica-de-privacidad\/\">Pol\u00edtica de Privacidad.<\/a><\/p>\n\n\n\n<h2 class=\"wp-block-heading\">Contents<\/h2>\n\n\n\n<p>The Owner has obtained the information, multimedia content and materials contained on the Website from sources it believes to be reliable, but while it has taken all reasonable steps to ensure that the information contained therein is correct, the Owner does not warrant that it is accurate, complete or up to date. The Proprietor expressly disclaims any liability for errors or omissions in the information contained in the pages of the Website.<\/p>\n\n\n\n<p>It is forbidden to transmit or send through the Website any illegal or illicit content, computer viruses, or messages that, in general, affect or violate the rights of the Owner or third parties.<\/p>\n\n\n\n<p>The contents of the Website are for informational purposes only and under no circumstances should they be used or considered as an offer to sell, a solicitation of an offer to buy or a recommendation to enter into any other transaction, unless expressly stated.<\/p>\n\n\n\n<p>The Owner reserves the right to modify, suspend, cancel or restrict the content of the Website, links or information obtained through the Website, without prior notice.<\/p>\n\n\n\n<p>The Owner is not liable for any damages that may arise from the use of the information on the Website or the information contained in the Owner's social networks.<\/p>\n\n\n\n<h2 class=\"wp-block-heading\">Cookies policy<\/h2>\n\n\n\n<p>You can consult all the information relating to the policy on the collection and processing of cookies on the page of&nbsp;<a href=\"https:\/\/qualitysoundcables.com\/index.php\/politica-de-cookies\/\">Pol\u00edtica de Cookies.<\/a><\/p>\n\n\n\n<h2 class=\"wp-block-heading\">Enlaces a otros sitios Web<\/h2>\n\n\n\n<p>El Titular puede proporcionarle acceso a sitios Web de terceros mediante enlaces con la finalidad exclusiva de informar sobre la existencia de otras fuentes de informaci\u00f3n en Internet en las que podr\u00e1 ampliar los datos ofrecidos en el Sitio Web.<\/p>\n\n\n\n<p>These links to other websites are in no way a suggestion or recommendation for you to visit the destination websites, which are beyond the control of the Owner, and therefore the Owner is not responsible for the content of the linked websites or for the result you obtain by following the links. Furthermore, the Proprietor is not responsible for any links or pointers located on the linked websites to which it provides you with access.<\/p>\n\n\n\n<p>El establecimiento del enlace no implica en ning\u00fan caso la existencia de relaciones entre el Titular y el propietario del sitio en el que se establezca el enlace, ni la aceptaci\u00f3n o aprobaci\u00f3n por parte del Titular de sus contenidos o servicios.<\/p>\n\n\n\n<p>Si accede a un sitio web externo desde un enlace que encuentre en el Sitio Web usted deber\u00e1 leer la propia pol\u00edtica de privacidad del otro sitio web que puede ser diferente de la de este sitio Web.<\/p>\n\n\n\n<h2 class=\"wp-block-heading\">Intellectual and industrial property<\/h2>\n\n\n\n<p>Todos los derechos est\u00e1n reservados.<\/p>\n\n\n\n<p>All access to this Website is subject to the following conditions: the reproduction, permanent storage and dissemination of the contents or any other use for public or commercial purposes is expressly prohibited without the prior express written consent of the Owner.<\/p>\n\n\n\n<h2 class=\"wp-block-heading\">Limitation of liability<\/h2>\n\n\n\n<p>The information and services included or available through the Website may include inaccuracies or typographical errors. The Proprietor periodically incorporates improvements and\/or changes to the information contained and\/or the Services that may be introduced at any time.<\/p>\n\n\n\n<p>The Proprietor does not represent or warrant that the services or content will be uninterrupted or error-free, that defects will be corrected, or that the service or the server that makes it available are free of viruses or other harmful components, notwithstanding the fact that the Proprietor makes every effort to avoid such incidents.<\/p>\n\n\n\n<p>El Titular declina cualquier responsabilidad en caso de que existan interrupciones o un mal funcionamiento de los Servicios o contenidos ofrecidos en Internet, cualquiera que sea su causa. Asimismo, el Titular no se hace responsable por ca\u00eddas de la red, p\u00e9rdidas de negocio a consecuencia de dichas ca\u00eddas, suspensiones temporales de fluido el\u00e9ctrico o cualquier otro tipo de da\u00f1o indirecto que te pueda ser causado por causas ajenas a el Titular.<\/p>\n\n\n\n<p>Before taking decisions and\/or actions based on the information contained on the Website, the Proprietor recommends that you check and contrast the information received with other sources.<\/p>\n\n\n\n<h2 class=\"wp-block-heading\">Jurisdiction<\/h2>\n\n\n\n<p>This Legal Notice is governed entirely by Spanish law.<\/p>","protected":false},"excerpt":{"rendered":"<p>Identificaci\u00f3n y Titularidad En cumplimiento del art\u00edculo 10 de la Ley 34\/2002, de 11 de julio, de Servicios de la Sociedad de la Informaci\u00f3n y Comercio Electr\u00f3nico, el Titular expone sus datos identificativos: Condiciones de Uso La utilizaci\u00f3n del Sitio Web le otorga la condici\u00f3n de Usuario, e implica la aceptaci\u00f3n completa de todas las &hellip;<\/p>\n<p class=\"read-more\"> <a class=\"\" href=\"https:\/\/qualitysoundcables.com\/en\/identificacion-y-titularidad\/\"> <span class=\"screen-reader-text\">Legal Notice<\/span> Read More &raquo;<\/a><\/p>","protected":false},"author":1,"featured_media":0,"parent":0,"menu_order":0,"comment_status":"closed","ping_status":"closed","template":"","meta":{"_uag_custom_page_level_css":"","site-sidebar-layout":"default","site-content-layout":"default","ast-global-header-display":"","ast-main-header-display":"","ast-hfb-above-header-display":"","ast-hfb-below-header-display":"","ast-hfb-mobile-header-display":"","site-post-title":"","ast-breadcrumbs-content":"","ast-featured-img":"","footer-sml-layout":"","theme-transparent-header-meta":"","adv-header-id-meta":"","stick-header-meta":"","header-above-stick-meta":"","header-main-stick-meta":"","header-below-stick-meta":"","footnotes":""},"uagb_featured_image_src":{"full":false,"thumbnail":false,"medium":false,"medium_large":false,"large":false,"1536x1536":false,"2048x2048":false,"trp-custom-language-flag":false,"mailpoet_newsletter_max":false,"woocommerce_thumbnail":false,"woocommerce_single":false,"woocommerce_gallery_thumbnail":false,"variation_swatches_image_size":false,"variation_swatches_tooltip_size":false},"uagb_author_info":{"display_name":"rubenmartinc@hotmail.com","author_link":"https:\/\/qualitysoundcables.com\/en\/author\/rubenmartinchotmail-com\/"},"uagb_comment_info":0,"uagb_excerpt":"Identificaci\u00f3n y Titularidad En cumplimiento del art\u00edculo 10 de la Ley 34\/2002, de 11 de julio, de Servicios de la Sociedad de la Informaci\u00f3n y Comercio Electr\u00f3nico, el Titular expone sus datos identificativos: Condiciones de Uso La utilizaci\u00f3n del Sitio Web le otorga la condici\u00f3n de Usuario, e implica la aceptaci\u00f3n completa de todas las&hellip;","_links":{"self":[{"href":"https:\/\/qualitysoundcables.com\/en\/wp-json\/wp\/v2\/pages\/717"}],"collection":[{"href":"https:\/\/qualitysoundcables.com\/en\/wp-json\/wp\/v2\/pages"}],"about":[{"href":"https:\/\/qualitysoundcables.com\/en\/wp-json\/wp\/v2\/types\/page"}],"author":[{"embeddable":true,"href":"https:\/\/qualitysoundcables.com\/en\/wp-json\/wp\/v2\/users\/1"}],"replies":[{"embeddable":true,"href":"https:\/\/qualitysoundcables.com\/en\/wp-json\/wp\/v2\/comments?post=717"}],"version-history":[{"count":6,"href":"https:\/\/qualitysoundcables.com\/en\/wp-json\/wp\/v2\/pages\/717\/revisions"}],"predecessor-version":[{"id":1385,"href":"https:\/\/qualitysoundcables.com\/en\/wp-json\/wp\/v2\/pages\/717\/revisions\/1385"}],"wp:attachment":[{"href":"https:\/\/qualitysoundcables.com\/en\/wp-json\/wp\/v2\/media?parent=717"}],"curies":[{"name":"wp","href":"https:\/\/api.w.org\/{rel}","templated":true}]}}