{"id":702,"date":"2023-01-03T11:22:52","date_gmt":"2023-01-03T11:22:52","guid":{"rendered":"https:\/\/qualitysoundcables.com\/?page_id=702"},"modified":"2023-01-09T21:34:35","modified_gmt":"2023-01-09T21:34:35","slug":"terminos-de-servicio","status":"publish","type":"page","link":"https:\/\/qualitysoundcables.com\/en\/terminos-de-servicio\/","title":{"rendered":"Terms of Service"},"content":{"rendered":"<p class=\"has-text-align-left\"><br><strong>1) Identification information<\/strong><br>You are visiting the website www.qualitysoundcables.com, property of Audio Performance Consulting, (hereinafter, THE COMPANY).<\/p>\n\n\n\n<p class=\"has-text-align-left\">Direcci\u00f3n postal: Avenida Josep Tarradellas, 106, 5-3, 08029, Barcelona, Espa\u00f1a.<br>Direcci\u00f3n de correo electr\u00f3nico: info@qualitysoundcables.com<br>Telephone: +34 620 029 611<br>Tax Identification Number (C.I.F.): B72855406<br>Commercial Data: 029130943<\/p>\n\n\n\n<p class=\"has-text-align-left\"><strong>2) User acceptance<\/strong><br>These Conditions of Use regulate access and use of the website www.qualitysoundcables.com (hereinafter, the Website), which THE COMPANY makes available to Internet users. Access to said Website implies full acceptance of these Conditions of Use.<\/p>\n\n\n\n<p>THE COMPANY may offer services through its website that may be subject to certain particular terms and conditions, about which users will be duly informed in each specific case.<\/p>\n\n\n\n<p><strong>3) Website access and passwords<\/strong><br>In general, users are not required to subscribe or register to access and use the website, although certain services or content may require subscription or registration.<\/p>\n\n\n\n<p>User data obtained through subscription or registration on this website is protected by passwords chosen by users. Users agree to keep their passwords secret and to protect them from unauthorized use by third parties. The user must notify THE COMPANY immediately of any non-consensual use of their account or any security breach in relation to the website service of which they are aware.<\/p>\n\n\n\n<p>THE COMPANY adopts all the necessary technical and organizational measures to guarantee the protection of the personal data of users and prevent their alteration, loss, treatment and\/or unauthorized access, taking into account the state of the art, the nature of the stored data and the risks to which they are exposed, in accordance with the provisions of Spanish legislation on the protection of personal data.<\/p>\n\n\n\n<p>THE COMPANY will not be responsible to users for revealing their data to third parties, except for causes directly attributable to THE COMPANY, or for the use that third parties may make of said data.<\/p>\n\n\n\n<p><strong>4) Correct use of the website<\/strong><br>The user agrees to use the website, its contents and services in accordance with the law, these Conditions of Use, good customs and public order. Likewise, users agree not to use the website, its content or the services provided through this website for illicit purposes or contrary to the content of these Conditions of Use, which may negatively affect the interests or rights of third parties. , or in any way harm, block, make inaccessible or damage the website, its contents or services or prevent the normal use of the website, its contents or services by other users.<\/p>\n\n\n\n<p>Likewise, the user expressly undertakes not to destroy, alter, block or in any other way damage the data, programs or electronic documents on the website.<\/p>\n\n\n\n<p>The user agrees not to block the access of other users through the massive use of computer resources through which THE COMPANY provides the service, nor to carry out actions that may damage, interrupt or generate errors in said systems or services.<\/p>\n\n\n\n<p>El usuario se compromete a no introducir programas, virus, macros, applets, controles ActiveX o cualquier otro dispositivo l\u00f3gico o secuencia de caracteres que puedan causar o ser susceptibles de causar cualquier tipo de alteraci\u00f3n en los sistemas inform\u00e1ticos de LA EMPRESA o de terceros.<\/p>\n\n\n\n<p><strong>5) Advertising<\/strong><br>Part of the website may contain advertising content or be sponsored. Advertisers and sponsors are solely responsible for ensuring that the material submitted for inclusion on this website complies with the applicable legislation in each case.<\/p>\n\n\n\n<p>THE COMPANY will not be responsible for any errors, inaccuracies or irregularities that may be included in the advertising or sponsorship content. Any claim related to the advertising content included on this website may be directed to the following email address: lopd@planeta.es<\/p>\n\n\n\n<p><strong>6) Third party links<\/strong><br>These Conditions of Use refer only to the website and contents of THE COMPANY and are not applicable to third-party links or pages that can be accessed through the website.<\/p>\n\n\n\n<p>The destinations of such links are not under the control of THE COMPANY and THE COMPANY is not responsible for the content of any of the websites accessed through a third-party link or any link included in a website to which accessed from THE COMPANY's website or through any change or update to said websites.<\/p>\n\n\n\n<p>These links are provided solely to inform users of the existence of other sources of information on a specific topic and the inclusion of a link does not imply approval of the linked website by THE COMPANY.<\/p>\n\n\n\n<p><strong>7) Intellectual and industrial property<\/strong><br>All content of the website, unless otherwise indicated, is the exclusive property of THE COMPANY, including, but not limited to, the graphic design, source code, logos, texts, graphics, illustrations, photographs and other elements that appear on the website. website. .<\/p>\n\n\n\n<p>Likewise, all trade names, brands or distinctive signs of any kind contained in<\/p>\n\n\n\n<p>The trademarks or distinctive signs of any kind contained on the website are protected by law.<\/p>\n\n\n\n<p>THE COMPANY does not grant any type of license or authorization for personal use to users over its intellectual and industrial property rights or any other right related to its website and the services provided therein.<\/p>\n\n\n\n<p>For these purposes, users recognize that the reproduction, distribution, commercialization, transformation and, in general, any other form of exploitation, by any procedure, of all or part of the content of this website constitutes an infringement of property rights. intellectual and\/or industrial. property rights of THE COMPANY or the owner of said contents.<\/p>\n\n\n\n<p><strong>8) Protection of personal data<\/strong><br>Some of the personal data of users is collected through this website, so users are recommended to carefully read our Privacy Policy, as well as the different information clauses that accompany each of the different forms used to the collection of personal data.<\/p>\n\n\n\n<p>Likewise, we inform you that THE COMPANY uses cookies to collect user information and record the IP addresses used to access the site; Therefore, we also encourage users to carefully read our Cookies Policy.<\/p>\n\n\n\n<p>Users are informed that the personal data collected through this website will be treated in accordance with the provisions of the General Regulations for the Protection of Personal Data and the applicable Spanish legislation for the purposes indicated in the aforementioned Privacy Policy. and Cookies Policy.<\/p>\n\n\n\n<p><strong>11) Processing of minors' data<\/strong><br>In compliance with the General Regulation on the Protection of Personal Data and the applicable Spanish legislation on data protection, THE COMPANY, for the processing of data of people under 13 years of age, will require the consent of parents or guardians.<\/p>\n\n\n\n<p>THE COMPANY will be responsible for establishing the procedures that ensure that the age of the minor has been duly determined and that legitimizes the consent given by the parents or legal guardians, if applicable. Therefore, every time a minor participates in a promotion organized by THE COMPANY, the information of a parent or guardian, their postal address and an email address will be requested to obtain parental consent, along with a copy of their document. national identity card and\/or a copy of the Family Book clearly stating the affiliation.<\/p>\n\n\n\n<p><strong>12) Cookies<\/strong><br>This website uses cookies. Cookies are small data files that are generated on the user's computer and that provide us with the following information:<\/p>\n\n\n\n<ul>\n<li>Date and time of the last time the user visited our website.<\/li>\n\n\n\n<li>Design of the content that the user chose on their last visit to our website.<\/li>\n\n\n\n<li>Security elements involved in controlling access to restricted areas.<\/li>\n<\/ul>\n\n\n\n<p>The user has the option to prevent the generation of cookies by selecting the corresponding option in their browser.<\/p>\n\n\n\n<p>If you would like more information about how this website uses cookies, please read the specific cookie policy.<\/p>\n\n\n\n<p><strong>13) Modifications to the Terms of Use<\/strong><br>THE COMPANY reserves the right to develop or update the Conditions of Use of this website at any time, so users must read them periodically.<\/p>\n\n\n\n<p><strong>14) Applicable law and jurisdiction<\/strong><br>The relationship between THE COMPANY and the User is governed by current Spanish regulations and any controversy will be submitted to the Courts and Tribunals of the User's domicile.<\/p>\n\n\n\n<p>THE COMPANY will pursue non-compliance with these Conditions of Use and any improper use of the website, exercising all civil and criminal actions that may apply by law.<\/p>","protected":false},"excerpt":{"rendered":"<p>1) Informaci\u00f3n de identificaci\u00f3nEst\u00e1 visitando el sitio web www.qualitysoundcables.com, propiedad de Audio Performance Consulting, (en adelante, LA EMPRESA). Direcci\u00f3n postal: Avenida Josep Tarradellas, 106, 5-3, 08029, Barcelona, Espa\u00f1a.Direcci\u00f3n de correo electr\u00f3nico: info@qualitysoundcables.comTel\u00e9fono: +34 620 029 611N\u00famero de Identificaci\u00f3n Fiscal (C.I.F.): B72855406Datos Mercantiles: 029130943 2) Aceptaci\u00f3n del usuarioLas presentes Condiciones de Uso regulan el acceso y &hellip;<\/p>\n<p class=\"read-more\"> <a class=\"\" href=\"https:\/\/qualitysoundcables.com\/en\/terminos-de-servicio\/\"> <span class=\"screen-reader-text\">Terms of Service<\/span> Read More &raquo;<\/a><\/p>","protected":false},"author":1,"featured_media":0,"parent":0,"menu_order":0,"comment_status":"closed","ping_status":"closed","template":"","meta":{"_uag_custom_page_level_css":"","site-sidebar-layout":"default","site-content-layout":"default","ast-global-header-display":"","ast-main-header-display":"","ast-hfb-above-header-display":"","ast-hfb-below-header-display":"","ast-hfb-mobile-header-display":"","site-post-title":"","ast-breadcrumbs-content":"","ast-featured-img":"","footer-sml-layout":"","theme-transparent-header-meta":"","adv-header-id-meta":"","stick-header-meta":"","header-above-stick-meta":"","header-main-stick-meta":"","header-below-stick-meta":"","footnotes":""},"uagb_featured_image_src":{"full":false,"thumbnail":false,"medium":false,"medium_large":false,"large":false,"1536x1536":false,"2048x2048":false,"trp-custom-language-flag":false,"mailpoet_newsletter_max":false,"woocommerce_thumbnail":false,"woocommerce_single":false,"woocommerce_gallery_thumbnail":false,"variation_swatches_image_size":false,"variation_swatches_tooltip_size":false},"uagb_author_info":{"display_name":"rubenmartinc@hotmail.com","author_link":"https:\/\/qualitysoundcables.com\/en\/author\/rubenmartinchotmail-com\/"},"uagb_comment_info":0,"uagb_excerpt":"1) Informaci\u00f3n de identificaci\u00f3nEst\u00e1 visitando el sitio web www.qualitysoundcables.com, propiedad de Audio Performance Consulting, (en adelante, LA EMPRESA). Direcci\u00f3n postal: Avenida Josep Tarradellas, 106, 5-3, 08029, Barcelona, Espa\u00f1a.Direcci\u00f3n de correo electr\u00f3nico: info@qualitysoundcables.comTel\u00e9fono: +34 620 029 611N\u00famero de Identificaci\u00f3n Fiscal (C.I.F.): B72855406Datos Mercantiles: 029130943 2) Aceptaci\u00f3n del usuarioLas presentes Condiciones de Uso regulan el acceso y&hellip;","_links":{"self":[{"href":"https:\/\/qualitysoundcables.com\/en\/wp-json\/wp\/v2\/pages\/702"}],"collection":[{"href":"https:\/\/qualitysoundcables.com\/en\/wp-json\/wp\/v2\/pages"}],"about":[{"href":"https:\/\/qualitysoundcables.com\/en\/wp-json\/wp\/v2\/types\/page"}],"author":[{"embeddable":true,"href":"https:\/\/qualitysoundcables.com\/en\/wp-json\/wp\/v2\/users\/1"}],"replies":[{"embeddable":true,"href":"https:\/\/qualitysoundcables.com\/en\/wp-json\/wp\/v2\/comments?post=702"}],"version-history":[{"count":4,"href":"https:\/\/qualitysoundcables.com\/en\/wp-json\/wp\/v2\/pages\/702\/revisions"}],"predecessor-version":[{"id":1149,"href":"https:\/\/qualitysoundcables.com\/en\/wp-json\/wp\/v2\/pages\/702\/revisions\/1149"}],"wp:attachment":[{"href":"https:\/\/qualitysoundcables.com\/en\/wp-json\/wp\/v2\/media?parent=702"}],"curies":[{"name":"wp","href":"https:\/\/api.w.org\/{rel}","templated":true}]}}