{"id":698,"date":"2023-01-03T11:17:17","date_gmt":"2023-01-03T11:17:17","guid":{"rendered":"https:\/\/qualitysoundcables.com\/?page_id=698"},"modified":"2023-01-14T15:17:21","modified_gmt":"2023-01-14T15:17:21","slug":"politica-de-privacidad","status":"publish","type":"page","link":"https:\/\/qualitysoundcables.com\/en\/politica-de-privacidad\/","title":{"rendered":"Privacy Policy"},"content":{"rendered":"<h1 class=\"wp-block-heading\"><\/h1>\n\n\n\n<p>The Owner informs you of its Privacy Policy regarding the processing and protection of personal data of users that may be collected while browsing through the Website:&nbsp;<a href=\"https:\/\/qualitysoundcables.com\/en\/\">https:\/\/qualitysoundcables.com<\/a><\/p>\n\n\n\n<p>In this regard, the Owner guarantees compliance with the current regulations on personal data protection, reflected in the Organic Law 3\/2018, of 5 December, on the Protection of Personal Data and the Guarantee of Digital Rights (LOPD GDD). It also complies with Regulation (EU) 2016\/679 of the European Parliament and of the Council of 27 April 2016 on the protection of natural persons (GDPR).<\/p>\n\n\n\n<p>The use of the website implies acceptance of this Privacy Policy as well as the conditions included in this Privacy Policy. &nbsp;<a href=\"https:\/\/qualitysoundcables.com\/index.php\/identificacion-y-titularidad\/\" data-type=\"URL\" data-id=\"https:\/\/qualitysoundcables.com\/index.php\/identificacion-y-titularidad\/\">Aviso Legal.<\/a><\/p>\n\n\n\n<h2 class=\"wp-block-heading\">Identity of the Person Responsible<\/h2>\n\n\n\n<ul>\n<li><strong>Owner:<\/strong>\u00a0 AUDIO PERFORMANCE CONSULTING, SL<\/li>\n\n\n\n<li><strong>Domicilio:<\/strong>&nbsp; Avenida Josep Tarradellas, 106, 5-3, 08029, Barcelona, Espa\u00f1a.<\/li>\n\n\n\n<li><strong>Sitio Web:<\/strong>&nbsp;&nbsp;<a href=\"https:\/\/qualitysoundcables.com\/en\/\">https:\/\/qualitysoundcables.com<\/a><\/li>\n<\/ul>\n\n\n\n<p><\/p>\n\n\n\n<h2 class=\"wp-block-heading\">Principles applied in data processing<\/h2>\n\n\n\n<p>In processing your personal data, the Data Controller shall apply the following principles which are in line with the requirements of the new European Data Protection Regulation (GDPR):<\/p>\n\n\n\n<ul>\n<li>Principle of lawfulness, fairness and transparency: The Data Controller will always require consent for the processing of personal data, which may be for one or more specific purposes about which the Data Controller will inform the User beforehand with absolute transparency.<\/li>\n\n\n\n<li>Principle of data minimisation: The Data Controller shall request only the data strictly necessary for the purpose(s) for which the data is requested.<\/li>\n\n\n\n<li>Principle of limitation of the storage period: The Data Controller shall keep the personal data collected for the time strictly necessary for the purpose(s) of the processing. The Data Controller shall inform the User of the relevant retention period according to the purpose.<br>En el caso de suscripciones, el Titular revisar\u00e1 peri\u00f3dicamente las listas y eliminar\u00e1 aquellos registros inactivos durante un tiempo considerable.<\/li>\n\n\n\n<li>Principle of integrity and confidentiality: The personal data collected will be treated in such a way that their security, confidentiality and integrity are guaranteed.<br>The Data Controller takes the necessary precautions to prevent unauthorised access or misuse of its users' data by third parties.<\/li>\n<\/ul>\n\n\n\n<h2 class=\"wp-block-heading\">Collection of personal data<\/h2>\n\n\n\n<p>Para navegar por el sitio Web no es necesario que facilite ning\u00fan dato personal.<\/p>\n\n\n\n<h2 class=\"wp-block-heading\">Derechos<\/h2>\n\n\n\n<p>El Titular le informa que sobre sus datos personales tiene derecho a:<\/p>\n\n\n\n<ul>\n<li>Solicitar el acceso a los datos almacenados.<\/li>\n\n\n\n<li>Request a rectification or cancellation.<\/li>\n\n\n\n<li>Request the limitation of your treatment.<\/li>\n\n\n\n<li>Oppose treatment.<\/li>\n\n\n\n<li>Request the portability of your data.<\/li>\n<\/ul>\n\n\n\n<p>The exercise of these rights is personal and therefore must be exercised directly by the interested party, requesting it directly from the Owner, which means that any client, subscriber or collaborator who has provided their data at any time, can contact the Owner and request information about the data you have stored and how you obtained it, request rectification of the same, request the portability of your personal data, oppose the processing, limit its use or request the cancellation of said data in the Owner's files.<\/p>\n\n\n\n<p>To exercise your rights you must send your request along with a photocopy of the National Identity Document or equivalent to the postal address:<\/p>\n\n\n\n<ul>\n<li>, \u2013 Spain<\/li>\n<\/ul>\n\n\n\n<p>The exercise of these rights does not include any data that the Owner is obliged to keep for administrative, legal or security purposes.<\/p>\n\n\n\n<p>You have the right to effective judicial protection and to file a claim with the supervisory authority, in this case, the Spanish Data Protection Agency, if you consider that the processing of personal data that concerns you infringes the Regulation.<\/p>\n\n\n\n<h2 class=\"wp-block-heading\" id=\"finalidad-del-tratamiento-de-datos-personales\">Purpose of personal data processing<\/h2>\n\n\n\n<p>When you connect to the Website to send an email to the Owner, subscribe to its newsletter, you are providing personal information for which the Owner is responsible. This information may include personal data such as your IP address, first and last name, physical address, email address, telephone number, and other information. By providing this information, you consent to your information being collected, used, managed and stored by \u2014 \u2014 only as described on the pages:<\/p>\n\n\n\n<ul>\n<li><a href=\"https:\/\/qualitysoundcables.com\/index.php\/identificacion-y-titularidad\/\" data-type=\"URL\" data-id=\"https:\/\/qualitysoundcables.com\/index.php\/identificacion-y-titularidad\/\">Legal Notice<\/a><\/li>\n\n\n\n<li><a href=\"https:\/\/qualitysoundcables.com\/index.php\/politica-de-privacidad\/\" data-type=\"URL\" data-id=\"https:\/\/qualitysoundcables.com\/index.php\/politica-de-privacidad\/\">Privacy Policy<\/a><\/li>\n<\/ul>\n\n\n\n<p>The personal data and the purpose of processing by the Owner is different depending on the information capture system:<\/p>\n\n\n\n<ul>\n<li><\/li>\n<\/ul>\n\n\n\n<p>There are other purposes for which the Owner processes personal data:<\/p>\n\n\n\n<ul>\n<li>To guarantee compliance with the conditions set out on the Legal Notice page and the applicable law. This may include the development of tools and algorithms that help the Website ensure the confidentiality of the personal data it collects.<\/li>\n\n\n\n<li>To support and improve the services offered by this Website.<\/li>\n\n\n\n<li>To analyze user navigation. The Owner collects other non-identifying data that is obtained through the use of cookies that are downloaded to the User's computer when browsing the Website whose characteristics and purpose are detailed on the website.&nbsp;<a href=\"https:\/\/kioskiero.com\/politica-de-cookies\/\">Cookie Policy<\/a>.<\/li>\n\n\n\n<li>Para gestionar las redes sociales. El Titular tiene presencia en redes sociales. Si usted se hace seguidor en las redes sociales del Titular el tratamiento de los datos personales se regir\u00e1 por este apartado, as\u00ed como por aquellas condiciones de uso, pol\u00edticas de privacidad y normativas de acceso que pertenezcan a la red social que proceda en cada caso y que ha aceptado previamente.<br>Puede consultar las pol\u00edticas de privacidad de las principales redes sociales en estos enlaces:<ul><li><a href=\"https:\/\/www.facebook.com\/help\/cookies\" rel=\"noreferrer noopener\" target=\"_blank\">Facebook<\/a><\/li><li><a href=\"https:\/\/twitter.com\/privacy\" rel=\"noreferrer noopener\" target=\"_blank\">Twitter<\/a><\/li><li><a href=\"https:\/\/www.linkedin.com\/legal\/cookie-policy\" rel=\"noreferrer noopener\" target=\"_blank\">Linkedin<\/a><\/li><li><a href=\"https:\/\/www.youtube.com\/privacy\" rel=\"noreferrer noopener\" target=\"_blank\">YouTube<\/a><\/li><li><a href=\"https:\/\/www.instagram.com\/legal\/privacy\/\" rel=\"noreferrer noopener\" target=\"_blank\">Instagram<\/a><\/li><\/ul>The Owner will process your personal data for the purpose of correctly managing your presence on the social network, informing you of its activities, as well as for any other purpose that the regulations of social networks allow. In no case will the Owner use the profiles of followers in social networks to send advertising individually.<\/li>\n<\/ul>\n\n\n\n<h2 class=\"wp-block-heading\">Security of personal data<\/h2>\n\n\n\n<p>To protect your personal data, the Owner takes all reasonable precautions and follows industry best practices to prevent its loss, misuse, improper access, disclosure, alteration or destruction thereof.<\/p>\n\n\n\n<p>Your data may be incorporated into a mailing list file, of which the Owner is responsible for its management and processing. The security of your data is guaranteed, since the Owner takes all necessary security measures and guarantees that personal data will only be used for the given purposes.<\/p>\n\n\n\n<p>The Owner informs the User that their personal data will not be transferred to third organizations, with the exception that said transfer of data is covered by a legal obligation or when the provision of a service implies the need for a contractual relationship with a person in charge of treatment. In the latter case, the transfer of data to the third party will only be carried out when the Owner has the express consent of the User.<\/p>\n\n\n\n<p>However, in some cases collaborations can be carried out with other professionals, in those cases, consent will be required from the User, informing them of the identity of the collaborator and the purpose of the collaboration. It will always be carried out with the strictest safety standards.<\/p>\n\n\n\n<h2 class=\"wp-block-heading\">Content from other websites<\/h2>\n\n\n\n<p>Pages on this website may include embedded content (e.g. videos, images, articles, etc.). Embedded content from other websites behaves exactly the same as if you had visited the other website.<\/p>\n\n\n\n<p>These websites may collect data about you, use cookies, embed additional third-party tracking code, and monitor your interaction using this code.<\/p>\n\n\n\n<h2 class=\"wp-block-heading\">Cookie Policy<\/h2>\n\n\n\n<p>For this website to function correctly it needs to use cookies, which is information that is stored in your web browser.<\/p>\n\n\n\n<p>You can consult all the information relating to the policy on the collection and processing of cookies on the page of&nbsp;<a href=\"https:\/\/qualitysoundcables.com\/index.php\/politica-de-cookies\/\" data-type=\"URL\" data-id=\"https:\/\/qualitysoundcables.com\/index.php\/politica-de-cookies\/\">Cookie Policy<\/a>.<\/p>\n\n\n\n<h2 class=\"wp-block-heading\">Legitimation for data processing<\/h2>\n\n\n\n<p>The legal basis for the processing of your data is:<\/p>\n\n\n\n<ul>\n<li>El consentimiento del interesado.<\/li>\n<\/ul>\n\n\n\n<h2 class=\"wp-block-heading\">Categor\u00edas de datos personales<\/h2>\n\n\n\n<p>Las categor\u00edas de datos personales que trata el Titular son:<\/p>\n\n\n\n<ul>\n<li>Datos identificativos.<\/li>\n\n\n\n<li>No se tratan categor\u00edas de datos especialmente protegidos.<\/li>\n<\/ul>\n\n\n\n<h2 class=\"wp-block-heading\">Conservation of personal data<\/h2>\n\n\n\n<p>The personal data provided to the Owner will be kept until you request its deletion.<\/p>\n\n\n\n<h2 class=\"wp-block-heading\">Recipients of personal data<\/h2>\n\n\n\n<ul>\n<li><strong>Google Analytics<\/strong>&nbsp;es un servicio de anal\u00edtica web prestado por Google, Inc., una compa\u00f1\u00eda de Delaware cuya oficina principal est\u00e1 en 1600 Amphitheatre Parkway, Mountain View (California), CA 94043, Estados Unidos (\u00abGoogle\u00bb).<br>Google Analytics uses \"cookies\", which are text files located on your computer, to help the Owner analyze the use made by Users of the Website. The information generated by the cookie about your use of the website (including the IP address) will be directly transmitted to and stored by Google on servers in the United States.<br>M\u00e1s informaci\u00f3n en:&nbsp;<a href=\"https:\/\/policies.google.com\/privacy?hl=es-ES\" rel=\"noreferrer noopener\" target=\"_blank\">https:\/\/analytics.google.com<\/a><\/li>\n<\/ul>\n\n\n\n<p>Puede consultar como Google gestiona la privacidad en lo que respecta al uso de las cookies y otra informaci\u00f3n en la p\u00e1gina de Pol\u00edtica de privacidad de Google:&nbsp;<a target=\"_blank\" href=\"https:\/\/policies.google.com\/privacy?hl=es\" rel=\"noreferrer noopener\">https:\/\/policies.google.com\/privacy?hl=es<\/a><\/p>\n\n\n\n<p>Tambi\u00e9n puede ver una lista de los tipos de cookies que utiliza Google y sus colaboradores y toda la informaci\u00f3n relativa al uso que hacen de las cookies publicitarias en:<\/p>\n\n\n\n<ul>\n<li><a target=\"_blank\" href=\"https:\/\/policies.google.com\/technologies\/types?hl=es\" rel=\"noreferrer noopener\">Tipos de cookies que utiliza Google<\/a><\/li>\n\n\n\n<li><a target=\"_blank\" rel=\"noreferrer noopener\" href=\"https:\/\/policies.google.com\/technologies\/ads?hl=es\">C\u00f3mo utiliza Google las cookies en publicidad<\/a>.<\/li>\n<\/ul>\n\n\n\n<h2 class=\"wp-block-heading\">Web Navegation<\/h2>\n\n\n\n<p>Al navegar por el Sitio Web se pueden recoger datos no identificativos, que pueden incluir, la direcci\u00f3n IP, geolocalizaci\u00f3n, un registro de c\u00f3mo se utilizan los servicios y sitios, h\u00e1bitos de navegaci\u00f3n y otros datos que no pueden ser utilizados para identificarle.<\/p>\n\n\n\n<p>El sitio Web utiliza los siguientes servicios de an\u00e1lisis de terceros:<\/p>\n\n\n\n<ul>\n<li>Google Analytics.<\/li>\n<\/ul>\n\n\n\n<p>El Titular utiliza la informaci\u00f3n obtenida para obtener datos estad\u00edsticos, analizar tendencias, administrar el sitio, estudiar patrones de navegaci\u00f3n y para recopilar informaci\u00f3n demogr\u00e1fica.<\/p>\n\n\n\n<p>El Titular no se hace responsable del tratamiento de los datos personales que realicen las p\u00e1ginas web a las que pueda acceder a trav\u00e9s de los distintos enlaces que contiene el Sitio Web.<\/p>\n\n\n\n<h2 class=\"wp-block-heading\">Exactitud y veracidad de los datos personales<\/h2>\n\n\n\n<p>Usted se compromete a que los datos facilitados al Titular sean correctos, completos, exactos y vigentes, as\u00ed como a mantenerlos debidamente actualizados.<\/p>\n\n\n\n<p>Como Usuario del Sitio Web es el \u00fanico responsable de la veracidad y correcci\u00f3n de los datos remitidos al Sitio Web exonerando al Titular de cualquier responsabilidad al respecto.<\/p>\n\n\n\n<h2 class=\"wp-block-heading\">Acceptance and consent<\/h2>\n\n\n\n<p>As a User of the Website, you declare that you have been informed of the conditions regarding the protection of personal data, and you accept and consent to their processing by the Owner in the manner and for the purposes indicated in this Privacy Policy.<\/p>\n\n\n\n<p>Para contactar con el Titular, suscribirse a un bolet\u00edn o realizar comentarios en este sitio Web tiene que aceptar la presente Pol\u00edtica de Privacidad.<\/p>\n\n\n\n<h2 class=\"wp-block-heading\">Changes to the Privacy Policy<\/h2>\n\n\n\n<p>El Titular se reserva el derecho a modificar la presente Pol\u00edtica de Privacidad para adaptarla a novedades legislativas o jurisprudenciales, as\u00ed como a pr\u00e1cticas de la industria.<\/p>\n\n\n\n<p>Estas pol\u00edticas estar\u00e1n vigentes hasta que sean modificadas por otras debidamente publicadas.<\/p>","protected":false},"excerpt":{"rendered":"<p>El Titular le informa sobre su Pol\u00edtica de Privacidad respecto del tratamiento y protecci\u00f3n de los datos de car\u00e1cter personal de los usuarios que puedan ser recabados durante la navegaci\u00f3n a trav\u00e9s del Sitio Web:&nbsp;https:\/\/qualitysoundcables.com En este sentido, el Titular garantiza el cumplimiento de la normativa vigente en materia de protecci\u00f3n de datos personales, reflejada &hellip;<\/p>\n<p class=\"read-more\"> <a class=\"\" href=\"https:\/\/qualitysoundcables.com\/en\/politica-de-privacidad\/\"> <span class=\"screen-reader-text\">Privacy Policy<\/span> Read More &raquo;<\/a><\/p>","protected":false},"author":1,"featured_media":0,"parent":0,"menu_order":0,"comment_status":"closed","ping_status":"closed","template":"","meta":{"_uag_custom_page_level_css":"","site-sidebar-layout":"default","site-content-layout":"default","ast-global-header-display":"","ast-main-header-display":"","ast-hfb-above-header-display":"","ast-hfb-below-header-display":"","ast-hfb-mobile-header-display":"","site-post-title":"","ast-breadcrumbs-content":"","ast-featured-img":"","footer-sml-layout":"","theme-transparent-header-meta":"","adv-header-id-meta":"","stick-header-meta":"","header-above-stick-meta":"","header-main-stick-meta":"","header-below-stick-meta":"","footnotes":""},"uagb_featured_image_src":{"full":false,"thumbnail":false,"medium":false,"medium_large":false,"large":false,"1536x1536":false,"2048x2048":false,"trp-custom-language-flag":false,"mailpoet_newsletter_max":false,"woocommerce_thumbnail":false,"woocommerce_single":false,"woocommerce_gallery_thumbnail":false,"variation_swatches_image_size":false,"variation_swatches_tooltip_size":false},"uagb_author_info":{"display_name":"rubenmartinc@hotmail.com","author_link":"https:\/\/qualitysoundcables.com\/en\/author\/rubenmartinchotmail-com\/"},"uagb_comment_info":0,"uagb_excerpt":"El Titular le informa sobre su Pol\u00edtica de Privacidad respecto del tratamiento y protecci\u00f3n de los datos de car\u00e1cter personal de los usuarios que puedan ser recabados durante la navegaci\u00f3n a trav\u00e9s del Sitio Web:&nbsp;https:\/\/qualitysoundcables.com En este sentido, el Titular garantiza el cumplimiento de la normativa vigente en materia de protecci\u00f3n de datos personales, reflejada&hellip;","_links":{"self":[{"href":"https:\/\/qualitysoundcables.com\/en\/wp-json\/wp\/v2\/pages\/698"}],"collection":[{"href":"https:\/\/qualitysoundcables.com\/en\/wp-json\/wp\/v2\/pages"}],"about":[{"href":"https:\/\/qualitysoundcables.com\/en\/wp-json\/wp\/v2\/types\/page"}],"author":[{"embeddable":true,"href":"https:\/\/qualitysoundcables.com\/en\/wp-json\/wp\/v2\/users\/1"}],"replies":[{"embeddable":true,"href":"https:\/\/qualitysoundcables.com\/en\/wp-json\/wp\/v2\/comments?post=698"}],"version-history":[{"count":8,"href":"https:\/\/qualitysoundcables.com\/en\/wp-json\/wp\/v2\/pages\/698\/revisions"}],"predecessor-version":[{"id":1974,"href":"https:\/\/qualitysoundcables.com\/en\/wp-json\/wp\/v2\/pages\/698\/revisions\/1974"}],"wp:attachment":[{"href":"https:\/\/qualitysoundcables.com\/en\/wp-json\/wp\/v2\/media?parent=698"}],"curies":[{"name":"wp","href":"https:\/\/api.w.org\/{rel}","templated":true}]}}