{"id":1560,"date":"2023-01-12T21:53:24","date_gmt":"2023-01-12T21:53:24","guid":{"rendered":"https:\/\/qualitysoundcables.com\/?page_id=1560"},"modified":"2023-01-19T22:00:33","modified_gmt":"2023-01-19T22:00:33","slug":"ellos-tambien-los-tienen","status":"publish","type":"page","link":"https:\/\/qualitysoundcables.com\/en\/ellos-tambien-los-tienen\/","title":{"rendered":"They also have them"},"content":{"rendered":"<div data-elementor-type=\"wp-page\" data-elementor-id=\"1560\" class=\"elementor elementor-1560\" data-elementor-post-type=\"page\">\n\t\t\t\t\t\t\t\t\t<section class=\"elementor-section elementor-top-section elementor-element elementor-element-f51346f elementor-section-full_width elementor-section-height-min-height elementor-section-stretched elementor-section-height-default elementor-section-items-middle\" data-id=\"f51346f\" data-element_type=\"section\" data-settings=\"{&quot;background_background&quot;:&quot;classic&quot;,&quot;stretch_section&quot;:&quot;section-stretched&quot;}\">\n\t\t\t\t\t\t\t<div class=\"elementor-background-overlay\"><\/div>\n\t\t\t\t\t\t\t<div class=\"elementor-container elementor-column-gap-default\">\n\t\t\t\t\t<div class=\"elementor-column elementor-col-100 elementor-top-column elementor-element elementor-element-92b7d85\" data-id=\"92b7d85\" data-element_type=\"column\">\n\t\t\t<div class=\"elementor-widget-wrap elementor-element-populated\">\n\t\t\t\t\t\t\t\t<div class=\"elementor-element elementor-element-c277f14 elementor-widget elementor-widget-heading\" data-id=\"c277f14\" data-element_type=\"widget\" data-widget_type=\"heading.default\">\n\t\t\t\t<div class=\"elementor-widget-container\">\n\t\t\t<style>\/*! elementor - v3.18.0 - 20-12-2023 *\/\n.elementor-heading-title{padding:0;margin:0;line-height:1}.elementor-widget-heading .elementor-heading-title[class*=elementor-size-]>a{color:inherit;font-size:inherit;line-height:inherit}.elementor-widget-heading .elementor-heading-title.elementor-size-small{font-size:15px}.elementor-widget-heading .elementor-heading-title.elementor-size-medium{font-size:19px}.elementor-widget-heading .elementor-heading-title.elementor-size-large{font-size:29px}.elementor-widget-heading .elementor-heading-title.elementor-size-xl{font-size:39px}.elementor-widget-heading .elementor-heading-title.elementor-size-xxl{font-size:59px}<\/style><h2 class=\"elementor-heading-title elementor-size-default\">They have them too<\/h2>\t\t<\/div>\n\t\t\t\t<\/div>\n\t\t\t\t\t<\/div>\n\t\t<\/div>\n\t\t\t\t\t\t\t<\/div>\n\t\t<\/section>\n\t\t\t\t<section class=\"elementor-section elementor-top-section elementor-element elementor-element-61828ac elementor-section-stretched elementor-reverse-mobile elementor-section-boxed elementor-section-height-default elementor-section-height-default\" data-id=\"61828ac\" data-element_type=\"section\" data-settings=\"{&quot;stretch_section&quot;:&quot;section-stretched&quot;}\">\n\t\t\t\t\t\t<div class=\"elementor-container elementor-column-gap-default\">\n\t\t\t\t\t<div class=\"elementor-column elementor-col-100 elementor-top-column elementor-element elementor-element-0801e8b\" data-id=\"0801e8b\" data-element_type=\"column\">\n\t\t\t<div class=\"elementor-widget-wrap elementor-element-populated\">\n\t\t\t\t\t\t\t\t<div class=\"elementor-element elementor-element-ba39385 elementor-invisible elementor-widget elementor-widget-heading\" data-id=\"ba39385\" data-element_type=\"widget\" data-settings=\"{&quot;_animation&quot;:&quot;fadeInUp&quot;}\" data-widget_type=\"heading.default\">\n\t\t\t\t<div class=\"elementor-widget-container\">\n\t\t\t<h2 class=\"elementor-heading-title elementor-size-default\">QUALITY SOUND CABLES<\/h2>\t\t<\/div>\n\t\t\t\t<\/div>\n\t\t\t\t<div class=\"elementor-element elementor-element-4476f59 elementor-invisible elementor-widget elementor-widget-heading\" data-id=\"4476f59\" data-element_type=\"widget\" data-settings=\"{&quot;_animation&quot;:&quot;fadeInUp&quot;}\" data-widget_type=\"heading.default\">\n\t\t\t\t<div class=\"elementor-widget-container\">\n\t\t\t<h3 class=\"elementor-heading-title elementor-size-default\">Find out what our customers think<\/h3>\t\t<\/div>\n\t\t\t\t<\/div>\n\t\t\t\t\t<\/div>\n\t\t<\/div>\n\t\t\t\t\t\t\t<\/div>\n\t\t<\/section>\n\t\t\t\t\t\t\t<\/div>","protected":false},"excerpt":{"rendered":"<p>Ellos tambi\u00e9n los tienen QUALITY SOUND CABLES Conoce la opini\u00f3n de nuestros clientes Jon Arranz He probado el cable digital y me ha sorprendido sobretodo por su naturalidad. Incre\u00edble relaci\u00f3n calidad precio. Jos\u00e9 Gin\u00e9s Garc\u00eda \u00a1C\u00f3mo suenan estos cables! Han desaparecido todas las resonancias producidas por los arm\u00f3nicos que causaban un efecto de distorsi\u00f3n, con &hellip;<\/p>\n<p class=\"read-more\"> <a class=\"\" href=\"https:\/\/qualitysoundcables.com\/en\/ellos-tambien-los-tienen\/\"> <span class=\"screen-reader-text\">They also have them<\/span> Read More &raquo;<\/a><\/p>","protected":false},"author":1,"featured_media":0,"parent":0,"menu_order":0,"comment_status":"closed","ping_status":"closed","template":"","meta":{"_uag_custom_page_level_css":"","site-sidebar-layout":"no-sidebar","site-content-layout":"page-builder","ast-global-header-display":"","ast-main-header-display":"","ast-hfb-above-header-display":"","ast-hfb-below-header-display":"","ast-hfb-mobile-header-display":"","site-post-title":"disabled","ast-breadcrumbs-content":"","ast-featured-img":"disabled","footer-sml-layout":"","theme-transparent-header-meta":"","adv-header-id-meta":"","stick-header-meta":"","header-above-stick-meta":"","header-main-stick-meta":"","header-below-stick-meta":"","footnotes":""},"uagb_featured_image_src":{"full":false,"thumbnail":false,"medium":false,"medium_large":false,"large":false,"1536x1536":false,"2048x2048":false,"trp-custom-language-flag":false,"mailpoet_newsletter_max":false,"woocommerce_thumbnail":false,"woocommerce_single":false,"woocommerce_gallery_thumbnail":false,"variation_swatches_image_size":false,"variation_swatches_tooltip_size":false},"uagb_author_info":{"display_name":"rubenmartinc@hotmail.com","author_link":"https:\/\/qualitysoundcables.com\/en\/author\/rubenmartinchotmail-com\/"},"uagb_comment_info":0,"uagb_excerpt":"Ellos tambi\u00e9n los tienen QUALITY SOUND CABLES Conoce la opini\u00f3n de nuestros clientes Jon Arranz He probado el cable digital y me ha sorprendido sobretodo por su naturalidad. Incre\u00edble relaci\u00f3n calidad precio. Jos\u00e9 Gin\u00e9s Garc\u00eda \u00a1C\u00f3mo suenan estos cables! Han desaparecido todas las resonancias producidas por los arm\u00f3nicos que causaban un efecto de distorsi\u00f3n, con&hellip;","_links":{"self":[{"href":"https:\/\/qualitysoundcables.com\/en\/wp-json\/wp\/v2\/pages\/1560"}],"collection":[{"href":"https:\/\/qualitysoundcables.com\/en\/wp-json\/wp\/v2\/pages"}],"about":[{"href":"https:\/\/qualitysoundcables.com\/en\/wp-json\/wp\/v2\/types\/page"}],"author":[{"embeddable":true,"href":"https:\/\/qualitysoundcables.com\/en\/wp-json\/wp\/v2\/users\/1"}],"replies":[{"embeddable":true,"href":"https:\/\/qualitysoundcables.com\/en\/wp-json\/wp\/v2\/comments?post=1560"}],"version-history":[{"count":86,"href":"https:\/\/qualitysoundcables.com\/en\/wp-json\/wp\/v2\/pages\/1560\/revisions"}],"predecessor-version":[{"id":2081,"href":"https:\/\/qualitysoundcables.com\/en\/wp-json\/wp\/v2\/pages\/1560\/revisions\/2081"}],"wp:attachment":[{"href":"https:\/\/qualitysoundcables.com\/en\/wp-json\/wp\/v2\/media?parent=1560"}],"curies":[{"name":"wp","href":"https:\/\/api.w.org\/{rel}","templated":true}]}}