{"id":12,"date":"2022-12-21T18:42:13","date_gmt":"2022-12-21T18:42:13","guid":{"rendered":"https:\/\/qualitysoundcables.com\/?page_id=12"},"modified":"2024-05-20T18:41:14","modified_gmt":"2024-05-20T18:41:14","slug":"sobre-nosotros","status":"publish","type":"page","link":"https:\/\/qualitysoundcables.com\/en\/sobre-nosotros\/","title":{"rendered":"About us"},"content":{"rendered":"<div data-elementor-type=\"wp-page\" data-elementor-id=\"12\" class=\"elementor elementor-12\" data-elementor-post-type=\"page\">\n\t\t\t\t\t\t\t\t\t<section class=\"elementor-section elementor-top-section elementor-element elementor-element-b387806 elementor-section-full_width elementor-section-height-min-height elementor-section-stretched elementor-section-height-default elementor-section-items-middle\" data-id=\"b387806\" data-element_type=\"section\" data-settings=\"{&quot;background_background&quot;:&quot;classic&quot;,&quot;stretch_section&quot;:&quot;section-stretched&quot;}\">\n\t\t\t\t\t\t\t<div class=\"elementor-background-overlay\"><\/div>\n\t\t\t\t\t\t\t<div class=\"elementor-container elementor-column-gap-default\">\n\t\t\t\t\t<div class=\"elementor-column elementor-col-100 elementor-top-column elementor-element elementor-element-9726bf4\" data-id=\"9726bf4\" data-element_type=\"column\">\n\t\t\t<div class=\"elementor-widget-wrap elementor-element-populated\">\n\t\t\t\t\t\t\t\t<div class=\"elementor-element elementor-element-c78d064 elementor-widget elementor-widget-heading\" data-id=\"c78d064\" data-element_type=\"widget\" data-widget_type=\"heading.default\">\n\t\t\t\t<div class=\"elementor-widget-container\">\n\t\t\t<style>\/*! elementor - v3.18.0 - 20-12-2023 *\/\n.elementor-heading-title{padding:0;margin:0;line-height:1}.elementor-widget-heading .elementor-heading-title[class*=elementor-size-]>a{color:inherit;font-size:inherit;line-height:inherit}.elementor-widget-heading .elementor-heading-title.elementor-size-small{font-size:15px}.elementor-widget-heading .elementor-heading-title.elementor-size-medium{font-size:19px}.elementor-widget-heading .elementor-heading-title.elementor-size-large{font-size:29px}.elementor-widget-heading .elementor-heading-title.elementor-size-xl{font-size:39px}.elementor-widget-heading .elementor-heading-title.elementor-size-xxl{font-size:59px}<\/style><h1 class=\"elementor-heading-title elementor-size-default\">About us<\/h1>\t\t<\/div>\n\t\t\t\t<\/div>\n\t\t\t\t\t<\/div>\n\t\t<\/div>\n\t\t\t\t\t\t\t<\/div>\n\t\t<\/section>\n\t\t\t\t<section class=\"elementor-section elementor-top-section elementor-element elementor-element-2c04044 elementor-section-stretched elementor-reverse-mobile elementor-section-boxed elementor-section-height-default elementor-section-height-default\" data-id=\"2c04044\" data-element_type=\"section\" data-settings=\"{&quot;stretch_section&quot;:&quot;section-stretched&quot;}\">\n\t\t\t\t\t\t<div class=\"elementor-container elementor-column-gap-default\">\n\t\t\t\t\t<div class=\"elementor-column elementor-col-100 elementor-top-column elementor-element elementor-element-f9884cc\" data-id=\"f9884cc\" data-element_type=\"column\">\n\t\t\t<div class=\"elementor-widget-wrap elementor-element-populated\">\n\t\t\t\t\t\t\t\t<section class=\"elementor-section elementor-inner-section elementor-element elementor-element-33fc41a elementor-reverse-mobile elementor-section-boxed elementor-section-height-default elementor-section-height-default\" data-id=\"33fc41a\" data-element_type=\"section\">\n\t\t\t\t\t\t<div class=\"elementor-container elementor-column-gap-default\">\n\t\t\t\t\t<div class=\"elementor-column elementor-col-50 elementor-inner-column elementor-element elementor-element-297a1f8\" data-id=\"297a1f8\" data-element_type=\"column\">\n\t\t\t<div class=\"elementor-widget-wrap elementor-element-populated\">\n\t\t\t\t\t\t\t\t<div class=\"elementor-element elementor-element-d0f7634 elementor-invisible elementor-widget elementor-widget-image\" data-id=\"d0f7634\" data-element_type=\"widget\" data-settings=\"{&quot;_animation&quot;:&quot;fadeInUp&quot;}\" data-widget_type=\"image.default\">\n\t\t\t\t<div class=\"elementor-widget-container\">\n\t\t\t<style>\/*! elementor - v3.18.0 - 20-12-2023 *\/\n.elementor-widget-image{text-align:center}.elementor-widget-image a{display:inline-block}.elementor-widget-image a img[src$=\".svg\"]{width:48px}.elementor-widget-image img{vertical-align:middle;display:inline-block}<\/style>\t\t\t\t\t\t\t\t\t\t\t\t<img decoding=\"async\" src=\"https:\/\/qualitysoundcables.com\/wp-content\/uploads\/elementor\/thumbs\/The-One-XLR-6-q0a4ignyrkr7xo77xobse7woa0jvnco7ouv0dpueoc.jpg\" title=\"The One &#8211; XLR 6\" alt=\"cable de fono xlr the one\" loading=\"lazy\" \/>\t\t\t\t\t\t\t\t\t\t\t\t\t\t\t<\/div>\n\t\t\t\t<\/div>\n\t\t\t\t\t<\/div>\n\t\t<\/div>\n\t\t\t\t<div class=\"elementor-column elementor-col-50 elementor-inner-column elementor-element elementor-element-5e9ef4f\" data-id=\"5e9ef4f\" data-element_type=\"column\">\n\t\t\t<div class=\"elementor-widget-wrap elementor-element-populated\">\n\t\t\t\t\t\t\t\t<div class=\"elementor-element elementor-element-f3b5ca3 elementor-invisible elementor-widget elementor-widget-heading\" data-id=\"f3b5ca3\" data-element_type=\"widget\" data-settings=\"{&quot;_animation&quot;:&quot;fadeInUp&quot;}\" data-widget_type=\"heading.default\">\n\t\t\t\t<div class=\"elementor-widget-container\">\n\t\t\t<h2 class=\"elementor-heading-title elementor-size-default\">QUALITY SOUND CABLES<\/h2>\t\t<\/div>\n\t\t\t\t<\/div>\n\t\t\t\t<div class=\"elementor-element elementor-element-353a8ce elementor-invisible elementor-widget elementor-widget-heading\" data-id=\"353a8ce\" data-element_type=\"widget\" data-settings=\"{&quot;_animation&quot;:&quot;fadeInUp&quot;}\" data-widget_type=\"heading.default\">\n\t\t\t\t<div class=\"elementor-widget-container\">\n\t\t\t<h3 class=\"elementor-heading-title elementor-size-default\">Our Mision<\/h3>\t\t<\/div>\n\t\t\t\t<\/div>\n\t\t\t\t<div class=\"elementor-element elementor-element-be0bef0 elementor-invisible elementor-widget elementor-widget-text-editor\" data-id=\"be0bef0\" data-element_type=\"widget\" data-settings=\"{&quot;_animation&quot;:&quot;fadeInUp&quot;}\" data-widget_type=\"text-editor.default\">\n\t\t\t\t<div class=\"elementor-widget-container\">\n\t\t\t<style>\/*! elementor - v3.18.0 - 20-12-2023 *\/\n.elementor-widget-text-editor.elementor-drop-cap-view-stacked .elementor-drop-cap{background-color:#69727d;color:#fff}.elementor-widget-text-editor.elementor-drop-cap-view-framed .elementor-drop-cap{color:#69727d;border:3px solid;background-color:transparent}.elementor-widget-text-editor:not(.elementor-drop-cap-view-default) .elementor-drop-cap{margin-top:8px}.elementor-widget-text-editor:not(.elementor-drop-cap-view-default) .elementor-drop-cap-letter{width:1em;height:1em}.elementor-widget-text-editor .elementor-drop-cap{float:left;text-align:center;line-height:1;font-size:50px}.elementor-widget-text-editor .elementor-drop-cap-letter{display:inline-block}<\/style>\t\t\t\t<p>In <strong>Quality Sound Cables<\/strong> we develop and manufacture high-end audio cables. Our mission is<strong> to bring our way of understanding music closer to our customers\/friends.<\/strong> through our handcrafted cables.<\/p><p>For this reason, we offer a <strong>30-day trial<\/strong> of any of our products with <strong>money-back guarantee <\/strong>if you are not 100% satisfied with your purchase. We are so convinced that <strong>our products are unrivalled<\/strong> (neither in quality nor in price) that we invite you to compare any of our cables with those of our competitors for twice the price. The tests will lead you to the conclusion that you're looking at a <strong>superlative product.<\/strong><\/p><p><strong>What is the secret?<\/strong> Our way of manufacturing them.<\/p><p>Don't be left in doubt, don't let them tell you! Ask for your test, and enjoy music like never before.<\/p>\t\t\t\t\t\t<\/div>\n\t\t\t\t<\/div>\n\t\t\t\t\t<\/div>\n\t\t<\/div>\n\t\t\t\t\t\t\t<\/div>\n\t\t<\/section>\n\t\t\t\t\t<\/div>\n\t\t<\/div>\n\t\t\t\t\t\t\t<\/div>\n\t\t<\/section>\n\t\t\t\t<section class=\"elementor-section elementor-top-section elementor-element elementor-element-9da512f elementor-section-stretched elementor-section-boxed elementor-section-height-default elementor-section-height-default\" data-id=\"9da512f\" data-element_type=\"section\" data-settings=\"{&quot;background_background&quot;:&quot;classic&quot;,&quot;stretch_section&quot;:&quot;section-stretched&quot;}\">\n\t\t\t\t\t\t\t<div class=\"elementor-background-overlay\"><\/div>\n\t\t\t\t\t\t\t<div class=\"elementor-container elementor-column-gap-default\">\n\t\t\t\t\t<div class=\"elementor-column elementor-col-100 elementor-top-column elementor-element elementor-element-017feac\" data-id=\"017feac\" data-element_type=\"column\">\n\t\t\t<div class=\"elementor-widget-wrap elementor-element-populated\">\n\t\t\t\t\t\t\t\t<div class=\"elementor-element elementor-element-f4b3cc9 elementor-widget elementor-widget-heading\" data-id=\"f4b3cc9\" data-element_type=\"widget\" data-widget_type=\"heading.default\">\n\t\t\t\t<div class=\"elementor-widget-container\">\n\t\t\t<h2 class=\"elementor-heading-title elementor-size-default\">Enjoy the naturalness, coherence, rhythm and harmony when you connect them.<\/h2>\t\t<\/div>\n\t\t\t\t<\/div>\n\t\t\t\t<div class=\"elementor-element elementor-element-6272202 elementor-align-center elementor-widget elementor-widget-button\" data-id=\"6272202\" data-element_type=\"widget\" data-widget_type=\"button.default\">\n\t\t\t\t<div class=\"elementor-widget-container\">\n\t\t\t\t\t<div class=\"elementor-button-wrapper\">\n\t\t\t<a class=\"elementor-button elementor-button-link elementor-size-md\" href=\"#\">\n\t\t\t\t\t\t<span class=\"elementor-button-content-wrapper\">\n\t\t\t\t\t\t<span class=\"elementor-button-text\">Read more<\/span>\n\t\t<\/span>\n\t\t\t\t\t<\/a>\n\t\t<\/div>\n\t\t\t\t<\/div>\n\t\t\t\t<\/div>\n\t\t\t\t\t<\/div>\n\t\t<\/div>\n\t\t\t\t\t\t\t<\/div>\n\t\t<\/section>\n\t\t\t\t<section class=\"elementor-section elementor-top-section elementor-element elementor-element-61974f3 elementor-section-stretched elementor-section-boxed elementor-section-height-default elementor-section-height-default\" data-id=\"61974f3\" data-element_type=\"section\" data-settings=\"{&quot;stretch_section&quot;:&quot;section-stretched&quot;}\">\n\t\t\t\t\t\t<div class=\"elementor-container elementor-column-gap-default\">\n\t\t\t\t\t<div class=\"elementor-column elementor-col-100 elementor-top-column elementor-element elementor-element-f2f7a14\" data-id=\"f2f7a14\" data-element_type=\"column\">\n\t\t\t<div class=\"elementor-widget-wrap elementor-element-populated\">\n\t\t\t\t\t\t\t\t<section class=\"elementor-section elementor-inner-section elementor-element elementor-element-bcd5dc5 elementor-section-boxed elementor-section-height-default elementor-section-height-default\" data-id=\"bcd5dc5\" data-element_type=\"section\">\n\t\t\t\t\t\t<div class=\"elementor-container elementor-column-gap-default\">\n\t\t\t\t\t<div class=\"elementor-column elementor-col-50 elementor-inner-column elementor-element elementor-element-aa1e6cb\" data-id=\"aa1e6cb\" data-element_type=\"column\">\n\t\t\t<div class=\"elementor-widget-wrap elementor-element-populated\">\n\t\t\t\t\t\t\t\t<div class=\"elementor-element elementor-element-6a39402 elementor-invisible elementor-widget elementor-widget-heading\" data-id=\"6a39402\" data-element_type=\"widget\" data-settings=\"{&quot;_animation&quot;:&quot;fadeInUp&quot;}\" data-widget_type=\"heading.default\">\n\t\t\t\t<div class=\"elementor-widget-container\">\n\t\t\t<h2 class=\"elementor-heading-title elementor-size-default\">ABOUT US<\/h2>\t\t<\/div>\n\t\t\t\t<\/div>\n\t\t\t\t<div class=\"elementor-element elementor-element-d871377 elementor-invisible elementor-widget elementor-widget-heading\" data-id=\"d871377\" data-element_type=\"widget\" data-settings=\"{&quot;_animation&quot;:&quot;fadeInUp&quot;}\" data-widget_type=\"heading.default\">\n\t\t\t\t<div class=\"elementor-widget-container\">\n\t\t\t<h3 class=\"elementor-heading-title elementor-size-default\">Who we are?<\/h3>\t\t<\/div>\n\t\t\t\t<\/div>\n\t\t\t\t<div class=\"elementor-element elementor-element-1465bb4 elementor-invisible elementor-widget elementor-widget-text-editor\" data-id=\"1465bb4\" data-element_type=\"widget\" data-settings=\"{&quot;_animation&quot;:&quot;fadeInUp&quot;}\" data-widget_type=\"text-editor.default\">\n\t\t\t\t<div class=\"elementor-widget-container\">\n\t\t\t\t\t\t\t<p><strong>Quality Sound Cables<\/strong> <em><strong>(QSC)<\/strong><\/em> is a company that develops, manufactures and distributes<strong> handmade audio cables<\/strong> of true High-End.<br \/>Our vision is to bring the audiophile closer to the authentic naturalness of the music transmitted by our cables to their audio systems. Something that seems so simple and so logical, but which is so difficult to do and above all to perceive.<\/p><p><strong>Quality Sound Cables is in a league of its own.<\/strong><\/p><p>Our aim has been to produce handcrafted cables that satisfy even the most critical and demanding listeners. That they are made from the best materials. And that they are perceived from the very first moment, that they <strong>are something very special...<\/strong><\/p><p><strong>\u00a0<\/strong><\/p>\t\t\t\t\t\t<\/div>\n\t\t\t\t<\/div>\n\t\t\t\t\t<\/div>\n\t\t<\/div>\n\t\t\t\t<div class=\"elementor-column elementor-col-50 elementor-inner-column elementor-element elementor-element-285638c\" data-id=\"285638c\" data-element_type=\"column\">\n\t\t\t<div class=\"elementor-widget-wrap elementor-element-populated\">\n\t\t\t\t\t\t\t\t<div class=\"elementor-element elementor-element-aca9d7f elementor-invisible elementor-widget elementor-widget-image\" data-id=\"aca9d7f\" data-element_type=\"widget\" data-settings=\"{&quot;_animation&quot;:&quot;fadeInUp&quot;}\" data-widget_type=\"image.default\">\n\t\t\t\t<div class=\"elementor-widget-container\">\n\t\t\t\t\t\t\t\t\t\t\t\t\t\t\t<img decoding=\"async\" src=\"https:\/\/qualitysoundcables.com\/wp-content\/uploads\/elementor\/thumbs\/WhatsApp-Image-2023-01-12-at-22.27.44-q0kpzqothyjpfr5xkb8fqymd1o2jmtvqbaw23wbkzg.jpeg\" title=\"WhatsApp Image 2023-01-12 at 22.27.44\" alt=\"WhatsApp Image 2023-01-12 at 22.27.44\" loading=\"lazy\" \/>\t\t\t\t\t\t\t\t\t\t\t\t\t\t\t<\/div>\n\t\t\t\t<\/div>\n\t\t\t\t\t<\/div>\n\t\t<\/div>\n\t\t\t\t\t\t\t<\/div>\n\t\t<\/section>\n\t\t\t\t<section class=\"elementor-section elementor-inner-section elementor-element elementor-element-b9ea0fd elementor-reverse-mobile elementor-section-boxed elementor-section-height-default elementor-section-height-default\" data-id=\"b9ea0fd\" data-element_type=\"section\">\n\t\t\t\t\t\t<div class=\"elementor-container elementor-column-gap-default\">\n\t\t\t\t\t<div class=\"elementor-column elementor-col-50 elementor-inner-column elementor-element elementor-element-f7e82d0\" data-id=\"f7e82d0\" data-element_type=\"column\">\n\t\t\t<div class=\"elementor-widget-wrap elementor-element-populated\">\n\t\t\t\t\t\t\t\t<div class=\"elementor-element elementor-element-cfd4507 elementor-invisible elementor-widget elementor-widget-image\" data-id=\"cfd4507\" data-element_type=\"widget\" data-settings=\"{&quot;_animation&quot;:&quot;fadeInUp&quot;}\" data-widget_type=\"image.default\">\n\t\t\t\t<div class=\"elementor-widget-container\">\n\t\t\t\t\t\t\t\t\t\t\t\t\t\t\t<img decoding=\"async\" src=\"https:\/\/qualitysoundcables.com\/wp-content\/uploads\/elementor\/thumbs\/The-One-USB-1-1-q0f8wv07mi6w2svgoieecbvni9txt1p66wmqljyynw.jpg\" title=\"Cables Digitales Quality Sound Cables\" alt=\"Cables Digitales Quality Sound Cables\" loading=\"lazy\" \/>\t\t\t\t\t\t\t\t\t\t\t\t\t\t\t<\/div>\n\t\t\t\t<\/div>\n\t\t\t\t\t<\/div>\n\t\t<\/div>\n\t\t\t\t<div class=\"elementor-column elementor-col-50 elementor-inner-column elementor-element elementor-element-f9b8158\" data-id=\"f9b8158\" data-element_type=\"column\">\n\t\t\t<div class=\"elementor-widget-wrap elementor-element-populated\">\n\t\t\t\t\t\t\t\t<div class=\"elementor-element elementor-element-93e756d elementor-invisible elementor-widget elementor-widget-text-editor\" data-id=\"93e756d\" data-element_type=\"widget\" data-settings=\"{&quot;_animation&quot;:&quot;fadeInUp&quot;}\" data-widget_type=\"text-editor.default\">\n\t\t\t\t<div class=\"elementor-widget-container\">\n\t\t\t\t\t\t\t<p><strong>The cables are entirely handmade<\/strong> (en nuestra fabrica en la UE) totalmente personalizados y customizados. Tras nuestros controles exhaustivos de calidad, finalmente se sirven a nuestros clientes\/amigos. Para lograr estos objetivos, <strong>a lot of time has been invested in development.<\/strong> This is a process which involves hundreds of tests and <strong>involucra a muchas personas. <\/strong>The results of these tests have made it possible to develop our cables for use in a wide range of equipment. Therefore, <strong>A big thank you to all of them.<\/strong><\/p>\t\t\t\t\t\t<\/div>\n\t\t\t\t<\/div>\n\t\t\t\t\t<\/div>\n\t\t<\/div>\n\t\t\t\t\t\t\t<\/div>\n\t\t<\/section>\n\t\t\t\t<section class=\"elementor-section elementor-inner-section elementor-element elementor-element-e4a3b1c elementor-section-boxed elementor-section-height-default elementor-section-height-default\" data-id=\"e4a3b1c\" data-element_type=\"section\">\n\t\t\t\t\t\t<div class=\"elementor-container elementor-column-gap-default\">\n\t\t\t\t\t<div class=\"elementor-column elementor-col-50 elementor-inner-column elementor-element elementor-element-9f440c7\" data-id=\"9f440c7\" data-element_type=\"column\">\n\t\t\t<div class=\"elementor-widget-wrap elementor-element-populated\">\n\t\t\t\t\t\t\t\t<div class=\"elementor-element elementor-element-c89a1b6 elementor-invisible elementor-widget elementor-widget-text-editor\" data-id=\"c89a1b6\" data-element_type=\"widget\" data-settings=\"{&quot;_animation&quot;:&quot;fadeInUp&quot;}\" data-widget_type=\"text-editor.default\">\n\t\t\t\t<div class=\"elementor-widget-container\">\n\t\t\t\t\t\t\t<p>In this way we achieve a fully tuned final version, whose only aim is to make the cables \u2018disappear\u2019 and leave only what we want to enjoy, the music...<\/p><p style=\"font-size: 15px; font-style: normal; font-weight: 400;\">During the process, different metals have been tested, in different alloys and many dimensions, as well as different types of insulation. This has led to the choice of pure silver conductors, UPOCC copper conductors and gold or silver plated copper conductors. Some cables contain a mixture of several of these until the perfect mix has been achieved so that <strong>its sound is simply unbeatable.<\/strong><\/p>\t\t\t\t\t\t<\/div>\n\t\t\t\t<\/div>\n\t\t\t\t\t<\/div>\n\t\t<\/div>\n\t\t\t\t<div class=\"elementor-column elementor-col-50 elementor-inner-column elementor-element elementor-element-f24ae34\" data-id=\"f24ae34\" data-element_type=\"column\">\n\t\t\t<div class=\"elementor-widget-wrap elementor-element-populated\">\n\t\t\t\t\t\t\t\t<div class=\"elementor-element elementor-element-50af86e elementor-invisible elementor-widget elementor-widget-image\" data-id=\"50af86e\" data-element_type=\"widget\" data-settings=\"{&quot;_animation&quot;:&quot;fadeInUp&quot;}\" data-widget_type=\"image.default\">\n\t\t\t\t<div class=\"elementor-widget-container\">\n\t\t\t\t\t\t\t\t\t\t\t\t\t\t\t<img decoding=\"async\" src=\"https:\/\/qualitysoundcables.com\/wp-content\/uploads\/elementor\/thumbs\/The-One-XLR-7-q0a4ijhhc2txzbejt26r1hj1ah9kqo11i9tsrmoa2k.jpg\" title=\"The One &#8211; XLR 7\" alt=\"cable de fono xlr quality sound cables\" loading=\"lazy\" \/>\t\t\t\t\t\t\t\t\t\t\t\t\t\t\t<\/div>\n\t\t\t\t<\/div>\n\t\t\t\t\t<\/div>\n\t\t<\/div>\n\t\t\t\t\t\t\t<\/div>\n\t\t<\/section>\n\t\t\t\t<section class=\"elementor-section elementor-inner-section elementor-element elementor-element-ff1e723 elementor-reverse-mobile elementor-section-boxed elementor-section-height-default elementor-section-height-default\" data-id=\"ff1e723\" data-element_type=\"section\">\n\t\t\t\t\t\t<div class=\"elementor-container elementor-column-gap-default\">\n\t\t\t\t\t<div class=\"elementor-column elementor-col-50 elementor-inner-column elementor-element elementor-element-9a1b267\" data-id=\"9a1b267\" data-element_type=\"column\">\n\t\t\t<div class=\"elementor-widget-wrap elementor-element-populated\">\n\t\t\t\t\t\t\t\t<div class=\"elementor-element elementor-element-bc074d1 elementor-invisible elementor-widget elementor-widget-image\" data-id=\"bc074d1\" data-element_type=\"widget\" data-settings=\"{&quot;_animation&quot;:&quot;fadeInUp&quot;}\" data-widget_type=\"image.default\">\n\t\t\t\t<div class=\"elementor-widget-container\">\n\t\t\t\t\t\t\t\t\t\t\t\t\t\t\t<img decoding=\"async\" src=\"https:\/\/qualitysoundcables.com\/wp-content\/uploads\/elementor\/thumbs\/The-One-Power6-q1hboc0055627dl69rixvpxtehnbvmqbsyimdb8usw.jpg\" title=\"The One &#8211; Power6\" alt=\"cable de corriente\" loading=\"lazy\" \/>\t\t\t\t\t\t\t\t\t\t\t\t\t\t\t<\/div>\n\t\t\t\t<\/div>\n\t\t\t\t\t<\/div>\n\t\t<\/div>\n\t\t\t\t<div class=\"elementor-column elementor-col-50 elementor-inner-column elementor-element elementor-element-22c2d9e\" data-id=\"22c2d9e\" data-element_type=\"column\">\n\t\t\t<div class=\"elementor-widget-wrap elementor-element-populated\">\n\t\t\t\t\t\t\t\t<div class=\"elementor-element elementor-element-831f26b elementor-invisible elementor-widget elementor-widget-text-editor\" data-id=\"831f26b\" data-element_type=\"widget\" data-settings=\"{&quot;_animation&quot;:&quot;fadeInUp&quot;}\" data-widget_type=\"text-editor.default\">\n\t\t\t\t<div class=\"elementor-widget-container\">\n\t\t\t\t\t\t\t<p style=\"font-size: 15px; font-style: normal; font-weight: 400;\">A cover made of pure cotton has been chosen as an insulating material. In this way, resonances are damped and static electricity is counteracted. For cables containing silver or silver-plated conductors, the cable is additionally sealed in an airtight tube to prevent oxidation.\u00a0<br \/>The connectors, like the other materials, are chosen after listening to the different types available for the quality requirements of the brand. Most of the connectors are supplied by ETI Research, Furutech and Viborg Audio, who are currently setting the standard for audio connectors.<\/p><p style=\"font-size: 15px; font-style: normal; font-weight: 400;\">Our motto\u00a0<span style=\"font-weight: bold;\">\u2018Keep your passion alive!<\/span>The new generation of audio cables, which we are continually developing what we do best: making high-end audio cables.<\/p><p style=\"font-size: 15px; font-style: normal; font-weight: 400;\"><em>Welcome to Quality Sound Cables<\/em><\/p><p style=\"font-size: 15px; font-style: normal; font-weight: 400;\"><span style=\"font-weight: bold;\">Alberto Rivas Ruiz<\/span><br \/><span style=\"font-weight: bold;\">CEO of Quality Sound Cables<\/span><\/p>\t\t\t\t\t\t<\/div>\n\t\t\t\t<\/div>\n\t\t\t\t\t<\/div>\n\t\t<\/div>\n\t\t\t\t\t\t\t<\/div>\n\t\t<\/section>\n\t\t\t\t\t<\/div>\n\t\t<\/div>\n\t\t\t\t\t\t\t<\/div>\n\t\t<\/section>\n\t\t\t\t\t\t\t<\/div>","protected":false},"excerpt":{"rendered":"<p>Sobre Nosotros QUALITY SOUND CABLES Nuestra Misi\u00f3n En Quality Sound Cables desarrollamos y fabricamos cables de audio de alta gama.\u00a0Nuestra Misi\u00f3n es acercar nuestra manera de entender la m\u00fasica a nuestros clientes\/amigos a trav\u00e9s de nuestros cables fabricados artesanalmente. Por eso, ofrecemos una prueba de 30 d\u00edas de cualquiera de nuestros productos con garant\u00eda de &hellip;<\/p>\n<p class=\"read-more\"> <a class=\"\" href=\"https:\/\/qualitysoundcables.com\/en\/sobre-nosotros\/\"> <span class=\"screen-reader-text\">About us<\/span> Read More &raquo;<\/a><\/p>","protected":false},"author":1,"featured_media":0,"parent":0,"menu_order":0,"comment_status":"closed","ping_status":"closed","template":"","meta":{"_uag_custom_page_level_css":"","site-sidebar-layout":"no-sidebar","site-content-layout":"page-builder","ast-global-header-display":"","ast-main-header-display":"","ast-hfb-above-header-display":"","ast-hfb-below-header-display":"","ast-hfb-mobile-header-display":"","site-post-title":"disabled","ast-breadcrumbs-content":"","ast-featured-img":"disabled","footer-sml-layout":"","theme-transparent-header-meta":"","adv-header-id-meta":"","stick-header-meta":"","header-above-stick-meta":"","header-main-stick-meta":"","header-below-stick-meta":"","footnotes":""},"uagb_featured_image_src":{"full":false,"thumbnail":false,"medium":false,"medium_large":false,"large":false,"1536x1536":false,"2048x2048":false,"trp-custom-language-flag":false,"mailpoet_newsletter_max":false,"woocommerce_thumbnail":false,"woocommerce_single":false,"woocommerce_gallery_thumbnail":false,"variation_swatches_image_size":false,"variation_swatches_tooltip_size":false},"uagb_author_info":{"display_name":"rubenmartinc@hotmail.com","author_link":"https:\/\/qualitysoundcables.com\/en\/author\/rubenmartinchotmail-com\/"},"uagb_comment_info":0,"uagb_excerpt":"Sobre Nosotros QUALITY SOUND CABLES Nuestra Misi\u00f3n En Quality Sound Cables desarrollamos y fabricamos cables de audio de alta gama.\u00a0Nuestra Misi\u00f3n es acercar nuestra manera de entender la m\u00fasica a nuestros clientes\/amigos a trav\u00e9s de nuestros cables fabricados artesanalmente. Por eso, ofrecemos una prueba de 30 d\u00edas de cualquiera de nuestros productos con garant\u00eda de&hellip;","_links":{"self":[{"href":"https:\/\/qualitysoundcables.com\/en\/wp-json\/wp\/v2\/pages\/12"}],"collection":[{"href":"https:\/\/qualitysoundcables.com\/en\/wp-json\/wp\/v2\/pages"}],"about":[{"href":"https:\/\/qualitysoundcables.com\/en\/wp-json\/wp\/v2\/types\/page"}],"author":[{"embeddable":true,"href":"https:\/\/qualitysoundcables.com\/en\/wp-json\/wp\/v2\/users\/1"}],"replies":[{"embeddable":true,"href":"https:\/\/qualitysoundcables.com\/en\/wp-json\/wp\/v2\/comments?post=12"}],"version-history":[{"count":328,"href":"https:\/\/qualitysoundcables.com\/en\/wp-json\/wp\/v2\/pages\/12\/revisions"}],"predecessor-version":[{"id":2220,"href":"https:\/\/qualitysoundcables.com\/en\/wp-json\/wp\/v2\/pages\/12\/revisions\/2220"}],"wp:attachment":[{"href":"https:\/\/qualitysoundcables.com\/en\/wp-json\/wp\/v2\/media?parent=12"}],"curies":[{"name":"wp","href":"https:\/\/api.w.org\/{rel}","templated":true}]}}